{"id":3569,"date":"2018-09-14T03:13:45","date_gmt":"2018-09-14T03:13:45","guid":{"rendered":"https:\/\/saigontranslation.com\/?page_id=3569"},"modified":"2018-09-14T03:13:45","modified_gmt":"2018-09-14T03:13:45","slug":"gioi-thieu-ve-cong-ty-saigontranslation","status":"publish","type":"page","link":"https:\/\/saigontranslation.com\/vi\/gioi-thieu-ve-cong-ty-saigontranslation\/","title":{"rendered":"Gi\u1edbi thi\u1ec7u v\u1ec1 C\u00f4ng Ty Saigontranslation"},"content":{"rendered":"<p>Ch\u00ednh th\u1ee9c ra m\u1eaft n\u0103m 2012,\u00a0<strong>saigontranslation To\u00e0n c\u1ea7u<\/strong>\u00a0\u0111\u00e3 v\u00e0 \u0111ang t\u1eebng b\u01b0\u1edbc t\u1ea1o d\u1ef1ng ch\u1ed7 \u0111\u1ee9ng ri\u00eang cho m\u00ecnh kh\u00f4ng ch\u1ec9 v\u1edbi t\u01b0 c\u00e1ch l\u00e0 th\u01b0\u01a1ng hi\u1ec7u qu\u1ed1c t\u1ebf c\u1ee7a c\u00f4ng ty\u00a0<strong>D\u1ecbch thu\u1eadt chuy\u00ean nghi\u1ec7p CNN<\/strong>\u00a0m\u00e0 c\u00f2n nhanh ch\u00f3ng kh\u1eb3ng \u0111\u1ecbnh \u0111\u01b0\u1ee3c uy t\u00edn v\u00e0 \u0111\u01b0\u1ee3c \u0111\u00e1nh gi\u00e1 cao t\u1ea1i th\u1ecb tr\u01b0\u1eddng trong n\u01b0\u1edbc nh\u1edd ch\u1ea5t l\u01b0\u1ee3ng v\u00e0 phong c\u00e1ch ph\u1ee5c v\u1ee5 chuy\u00ean nghi\u1ec7p.<\/p>\n<p>Th\u1ebf m\u1ea1nh v\u00e0 c\u0169ng l\u00e0 c\u00e1c d\u1ecbch v\u1ee5 ch\u00ednh c\u1ee7a saigontranslation To\u00e0n c\u1ea7u bao g\u1ed3m bi\u00ean d\u1ecbch, phi\u00ean d\u1ecbch, thu \u00e2m l\u1ed3ng ti\u1ebfng, ch\u00e8n ph\u1ee5 \u0111\u1ec1 v\u00e0 cung c\u1ea5p nh\u00e2n s\u1ef1 cho h\u01a1n 170 c\u1eb7p ng\u00f4n ng\u1eef v\u00e0 50 chuy\u00ean ng\u00e0nh kh\u00e1c nhau. V\u1edbi m\u1ee5c ti\u00eau v\u01b0\u01a1n ra th\u1ecb tr\u01b0\u1eddng qu\u1ed1c t\u1ebf, saigontranslation \u0111\u00e3 x\u00e2y d\u1ef1ng cho m\u00ecnh m\u1ed9t m\u1ea1ng l\u01b0\u1edbi c\u1ed9ng t\u00e1c vi\u00ean bi\u00ean d\u1ecbch l\u00ean t\u1edbi 3.000 ng\u01b0\u1eddi t\u1ea1i 90 qu\u1ed1c gia v\u00e0 v\u00f9ng l\u00e3nh th\u1ed5 tr\u00ean kh\u1eafp th\u1ebf gi\u1edbi. C\u00f9ng v\u1edbi \u0111\u00f3 l\u00e0 s\u1ef1 h\u1ed7 tr\u1ee3 \u0111\u1eafc l\u1ef1c c\u1ee7a \u0111\u1ed9i ng\u0169 bi\u00ean t\u1eadp vi\u00ean, qu\u1ea3n l\u00fd d\u1ef1 \u00e1n, c\u00e1c k\u1ef9 thu\u1eadt vi\u00ean, nh\u1eefng con ng\u01b0\u1eddi \u01b0u t\u00fa g\u00f3p ph\u1ea7n v\u00e0o s\u1ef1 th\u00e0nh c\u00f4ng chung c\u1ee7a kh\u00e1ch h\u00e0ng v\u00e0 c\u00f4ng ty.<\/p>\n<p>T\u1ea1i saigontranslation, ch\u00fang t\u00f4i lu\u00f4n \u0111\u1eb7t l\u1ee3i \u00edch kh\u00e1ch h\u00e0ng v\u00e0 ch\u1ea5t l\u01b0\u1ee3ng d\u1ecbch v\u1ee5 l\u00ean h\u00e0ng \u0111\u1ea7u v\u1edbi ph\u01b0\u01a1ng ch\u00e2m\u00a0<strong>\u201c\u0110\u01b0a gi\u1ea3i ph\u00e1p, t\u1ea1o gi\u00e1 tr\u1ecb\u201d<\/strong>. M\u1ecdi kh\u00e1ch h\u00e0ng s\u1ebd \u0111\u01b0\u1ee3c t\u01b0 v\u1ea5n s\u1eed d\u1ee5ng d\u1ecbch v\u1ee5 t\u00f9y bi\u1ebfn ph\u00f9 h\u1ee3p v\u1edbi t\u1eebng y\u00eau c\u1ea7u, \u0111i\u1ec1u ki\u1ec7n \u0111\u1ec3 \u0111\u1ea3m b\u1ea3o d\u1ef1 \u00e1n c\u1ee7a b\u1ea1n \u0111\u01b0\u1ee3c th\u1ef1c hi\u1ec7n hi\u1ec7u qu\u1ea3 v\u00e0 \u0111em l\u1ea1i gi\u00e1 tr\u1ecb cao nh\u1ea5t.<\/p>\n<p>\u0110\u1eb7c \u0111i\u1ec3m n\u1ed5i b\u1eadt c\u1ee7a d\u1ecbch v\u1ee5 d\u1ecbch thu\u1eadt t\u1ea1i saigontranslation l\u00e0 s\u1ef1 k\u1ebft h\u1ee3p c\u00f4ng vi\u1ec7c d\u1ecbch thu\u1eadt truy\u1ec1n th\u1ed1ng v\u00e0 vi\u1ec7c \u00e1p d\u1ee5ng c\u00e1c c\u00f4ng ngh\u1ec7 ti\u00ean ti\u1ebfn v\u00e0 hi\u1ec7n \u0111\u1ea1i \u0111\u1ec3 t\u1ea1o ra nh\u1eefng b\u1ea3n d\u1ecbch chu\u1ea9n x\u00e1c trong th\u1eddi gian ng\u1eafn nh\u1ea5t. H\u1ec7 th\u1ed1ng qu\u1ea3n l\u00fd ch\u1ea5t l\u01b0\u1ee3ng c\u1ee7a saigontranslation \u0111\u1ea1t ti\u00eau chu\u1ea9n ISO 9001-2008 (EN 15038) do BSI c\u1ea5p v\u00e0 \u0111\u01b0\u1ee3c ki\u1ec3m tra \u0111\u1ecbnh k\u1ef3 h\u00e0ng n\u0103m. B\u00ean c\u1ea1nh \u0111\u00f3, ch\u00fang t\u00f4i lu\u00f4n ch\u00fa tr\u1ecdng c\u1ea3i ti\u1ebfn quy tr\u00ecnh v\u00e0 c\u1eadp nh\u1eadt li\u00ean t\u1ee5c nh\u1eefng c\u00f4ng c\u1ee5 ti\u00ean ti\u1ebfn \u0111\u1ec3 h\u1ed7 tr\u1ee3 vi\u1ec7c d\u1ecbch thu\u1eadt v\u00e0 t\u0103ng t\u00ednh b\u1ea3o m\u1eadt, trong s\u1ed1 \u0111\u00f3 ph\u1ea3i k\u1ec3 t\u1edbi Quy tr\u00ecnh d\u1ecbch thu\u1eadt ri\u00eang bi\u1ec7t \u201cPerfect translation\u201d, B\u1ed9 nh\u1edb d\u1ecbch TMS (Translation Memory System), H\u1ec7 th\u1ed1ng thu\u1eadt ng\u1eef v\u00e0 t\u1eeb \u0111i\u1ec3n Term-base Server, B\u1ea3o m\u1eadt tuy\u1ec7t \u0111\u1ed1i th\u00f4ng tin, d\u1eef li\u1ec7u c\u1ee7a kh\u00e1ch h\u00e0ng v\u1edbi h\u1ec7 th\u1ed1ng d\u1ecbch thu\u1eadt Trados v\u00e0 Cloud Server. V\u1edbi trang thi\u1ebft b\u1ecb hi\u1ec7n \u0111\u1ea1i v\u00e0 kinh nghi\u1ec7m chuy\u00ean s\u00e2u v\u1ec1 t\u1eebng chuy\u00ean ng\u00e0nh, l\u0129nh v\u1ef1c, saigontranslation tin t\u01b0\u1edfng d\u1ecbch v\u1ee5 c\u1ee7a ch\u00fang t\u00f4i s\u1ebd l\u00e0m h\u00e0i l\u00f2ng m\u1ecdi kh\u00e1ch h\u00e0ng.<\/p>\n<p>Ngo\u00e0i ho\u1ea1t \u0111\u1ed9ng chuy\u00ean m\u00f4n, saigontranslation ng\u00e0y c\u00e0ng kh\u1eb3ng \u0111\u1ecbnh v\u1ecb tr\u00ed c\u1ee7a m\u00ecnh trong ng\u00e0nh d\u1ecbch thu\u1eadt t\u1ea1i Vi\u1ec7t Nam v\u00e0 tr\u00ean th\u1ebf gi\u1edbi v\u1edbi vai tr\u00f2 l\u00e0 th\u00e0nh vi\u00ean t\u00edch c\u1ef1c c\u1ee7a c\u00e1c t\u1ed5 ch\u1ee9c h\u00e0ng \u0111\u1ea7u trong l\u0129nh v\u1ef1c bi\u00ean phi\u00ean d\u1ecbch nh\u01b0 ATA (T\u1ed5 ch\u1ee9c d\u1ecbch thu\u1eadt Hoa K\u1ef3), ELIA (Li\u00ean hi\u1ec7p d\u1ecbch thu\u1eadt ch\u00e2u \u00c2u) v\u00e0 AATI (Hi\u1ec7p h\u1ed9i d\u1ecbch thu\u1eadt ch\u00e2u \u00c1).<\/p>\n<p>T\u00ednh t\u1edbi th\u1eddi \u0111i\u1ec3m hi\u1ec7n t\u1ea1i, th\u01b0\u01a1ng hi\u1ec7u\u00a0<strong>saigontranslation Global Language Solutions<\/strong>\u00a0\u0111\u00e3 hi\u1ec7n di\u1ec7n t\u1ea1i nhi\u1ec1u qu\u1ed1c gia v\u1edbi h\u01a1n 10 v\u0103n ph\u00f2ng \u0111\u1ea1i di\u1ec7n t\u1ea1i c\u00e1c th\u00e0nh ph\u1ed1 l\u1edbn nh\u01b0 Tokyo, Sydney, Melbourne, Berlin, Singapore\u2026\u0110\u00e2y l\u00e0 b\u01b0\u1edbc ti\u1ebfn v\u01b0\u1ee3t b\u1eadc c\u1ee7a saigontranslation To\u00e0n c\u1ea7u, t\u1ea1o \u0111\u00e0 v\u1eefng ch\u1eafc cho nh\u1eefng k\u1ebf ho\u1ea1ch ph\u00e1t tri\u1ec3n d\u00e0i h\u1ea1n ra th\u1ecb tr\u01b0\u1eddng n\u01b0\u1edbc ngo\u00e0i c\u1ee7a c\u00f4ng ty. T\u1ea1i Vi\u1ec7t Nam, saigontranslation l\u00e0 nh\u00e0 cung c\u1ea5p d\u1ecbch v\u1ee5 ng\u00f4n ng\u1eef h\u00e0ng \u0111\u1ea7u cho VNR 500, c\u00e1c t\u1eadp \u0111o\u00e0n l\u1edbn, c\u00e1c t\u1ed5 ch\u1ee9c ch\u00ednh ph\u1ee7 v\u00e0 phi ch\u00ednh ph\u1ee7.<\/p>\n","protected":false},"excerpt":{"rendered":"<p>Ch\u00ednh th\u1ee9c ra m\u1eaft n\u0103m 2012,\u00a0saigontranslation To\u00e0n c\u1ea7u\u00a0\u0111\u00e3 v\u00e0 \u0111ang t\u1eebng b\u01b0\u1edbc t\u1ea1o d\u1ef1ng ch\u1ed7 \u0111\u1ee9ng ri\u00eang cho m\u00ecnh kh\u00f4ng ch\u1ec9 v\u1edbi t\u01b0 c\u00e1ch l\u00e0 th\u01b0\u01a1ng hi\u1ec7u qu\u1ed1c t\u1ebf c\u1ee7a c\u00f4ng ty\u00a0D\u1ecbch thu\u1eadt chuy\u00ean nghi\u1ec7p CNN\u00a0m\u00e0 c\u00f2n nhanh ch\u00f3ng kh\u1eb3ng \u0111\u1ecbnh \u0111\u01b0\u1ee3c uy t\u00edn v\u00e0 \u0111\u01b0\u1ee3c \u0111\u00e1nh gi\u00e1 cao t\u1ea1i th\u1ecb tr\u01b0\u1eddng trong n\u01b0\u1edbc nh\u1edd&hellip;<\/p>\n","protected":false},"author":3,"featured_media":0,"parent":0,"menu_order":0,"comment_status":"closed","ping_status":"closed","template":"","meta":{"footnotes":""},"class_list":["post-3569","page","type-page","status-publish","hentry","description-off"],"yoast_head":"<!-- This site is optimized with the Yoast SEO Premium plugin v15.5 - https:\/\/yoast.com\/wordpress\/plugins\/seo\/ -->\n<title>Gi\u1edbi thi\u1ec7u v\u1ec1 C\u00f4ng Ty Saigontranslation - C\u00f4ng ty dich Thu\u1eadt Phi\u00ean D\u1ecbch S\u00e0i G\u00f2n Tphcm<\/title>\n<meta name=\"robots\" content=\"index, follow, max-snippet:-1, max-image-preview:large, max-video-preview:-1\" \/>\n<link rel=\"canonical\" href=\"https:\/\/saigontranslation.com\/vi\/gioi-thieu-ve-cong-ty-saigontranslation\/\" \/>\n<meta property=\"og:locale\" content=\"vi_VN\" \/>\n<meta property=\"og:type\" content=\"article\" \/>\n<meta property=\"og:title\" content=\"Gi\u1edbi thi\u1ec7u v\u1ec1 C\u00f4ng Ty Saigontranslation - C\u00f4ng ty dich Thu\u1eadt Phi\u00ean D\u1ecbch S\u00e0i G\u00f2n Tphcm\" \/>\n<meta property=\"og:description\" content=\"Ch\u00ednh th\u1ee9c ra m\u1eaft n\u0103m 2012,\u00a0saigontranslation To\u00e0n c\u1ea7u\u00a0\u0111\u00e3 v\u00e0 \u0111ang t\u1eebng b\u01b0\u1edbc t\u1ea1o d\u1ef1ng ch\u1ed7 \u0111\u1ee9ng ri\u00eang cho m\u00ecnh kh\u00f4ng ch\u1ec9 v\u1edbi t\u01b0 c\u00e1ch l\u00e0 th\u01b0\u01a1ng hi\u1ec7u qu\u1ed1c t\u1ebf c\u1ee7a c\u00f4ng ty\u00a0D\u1ecbch thu\u1eadt chuy\u00ean nghi\u1ec7p CNN\u00a0m\u00e0 c\u00f2n nhanh ch\u00f3ng kh\u1eb3ng \u0111\u1ecbnh \u0111\u01b0\u1ee3c uy t\u00edn v\u00e0 \u0111\u01b0\u1ee3c \u0111\u00e1nh gi\u00e1 cao t\u1ea1i th\u1ecb tr\u01b0\u1eddng trong n\u01b0\u1edbc nh\u1edd&hellip;\" \/>\n<meta property=\"og:url\" content=\"https:\/\/saigontranslation.com\/vi\/gioi-thieu-ve-cong-ty-saigontranslation\/\" \/>\n<meta property=\"og:site_name\" content=\"C\u00f4ng ty dich Thu\u1eadt Phi\u00ean D\u1ecbch S\u00e0i G\u00f2n Tphcm\" \/>\n<meta name=\"twitter:card\" content=\"summary\" \/>\n<meta name=\"twitter:label1\" content=\"\u01af\u1edbc t\u00ednh th\u1eddi gian \u0111\u1ecdc\">\n\t<meta name=\"twitter:data1\" content=\"4 ph\u00fat\">\n<script type=\"application\/ld+json\" class=\"yoast-schema-graph\">{\"@context\":\"https:\/\/schema.org\",\"@graph\":[{\"@type\":\"WebSite\",\"@id\":\"https:\/\/saigontranslation.com\/vi\/#website\",\"url\":\"https:\/\/saigontranslation.com\/vi\/\",\"name\":\"C\\u00f4ng ty dich Thu\\u1eadt Phi\\u00ean D\\u1ecbch S\\u00e0i G\\u00f2n Tphcm\",\"description\":\"D\\u1ecbch c\\u00f4ng ch\\u1ee9ng, phi\\u00ean d\\u1ecbch, H\\u1ee3p ph\\u00e1p h\\u00f3a l\\u00e3nh s\\u1ef1\",\"potentialAction\":[{\"@type\":\"SearchAction\",\"target\":\"https:\/\/saigontranslation.com\/vi\/?s={search_term_string}\",\"query-input\":\"required name=search_term_string\"}],\"inLanguage\":\"vi\"},{\"@type\":\"WebPage\",\"@id\":\"https:\/\/saigontranslation.com\/vi\/gioi-thieu-ve-cong-ty-saigontranslation\/#webpage\",\"url\":\"https:\/\/saigontranslation.com\/vi\/gioi-thieu-ve-cong-ty-saigontranslation\/\",\"name\":\"Gi\\u1edbi thi\\u1ec7u v\\u1ec1 C\\u00f4ng Ty Saigontranslation - C\\u00f4ng ty dich Thu\\u1eadt Phi\\u00ean D\\u1ecbch S\\u00e0i G\\u00f2n Tphcm\",\"isPartOf\":{\"@id\":\"https:\/\/saigontranslation.com\/vi\/#website\"},\"datePublished\":\"2018-09-14T03:13:45+00:00\",\"dateModified\":\"2018-09-14T03:13:45+00:00\",\"breadcrumb\":{\"@id\":\"https:\/\/saigontranslation.com\/vi\/gioi-thieu-ve-cong-ty-saigontranslation\/#breadcrumb\"},\"inLanguage\":\"vi\",\"potentialAction\":[{\"@type\":\"ReadAction\",\"target\":[\"https:\/\/saigontranslation.com\/vi\/gioi-thieu-ve-cong-ty-saigontranslation\/\"]}]},{\"@type\":\"BreadcrumbList\",\"@id\":\"https:\/\/saigontranslation.com\/vi\/gioi-thieu-ve-cong-ty-saigontranslation\/#breadcrumb\",\"itemListElement\":[{\"@type\":\"ListItem\",\"position\":1,\"item\":{\"@type\":\"WebPage\",\"@id\":\"https:\/\/saigontranslation.com\/vi\/\",\"url\":\"https:\/\/saigontranslation.com\/vi\/\",\"name\":\"Home\"}},{\"@type\":\"ListItem\",\"position\":2,\"item\":{\"@type\":\"WebPage\",\"@id\":\"https:\/\/saigontranslation.com\/vi\/gioi-thieu-ve-cong-ty-saigontranslation\/\",\"url\":\"https:\/\/saigontranslation.com\/vi\/gioi-thieu-ve-cong-ty-saigontranslation\/\",\"name\":\"Gi\\u1edbi thi\\u1ec7u v\\u1ec1 C\\u00f4ng Ty Saigontranslation\"}}]}]}<\/script>\n<!-- \/ Yoast SEO Premium plugin. -->","_links":{"self":[{"href":"https:\/\/saigontranslation.com\/vi\/wp-json\/wp\/v2\/pages\/3569","targetHints":{"allow":["GET"]}}],"collection":[{"href":"https:\/\/saigontranslation.com\/vi\/wp-json\/wp\/v2\/pages"}],"about":[{"href":"https:\/\/saigontranslation.com\/vi\/wp-json\/wp\/v2\/types\/page"}],"author":[{"embeddable":true,"href":"https:\/\/saigontranslation.com\/vi\/wp-json\/wp\/v2\/users\/3"}],"replies":[{"embeddable":true,"href":"https:\/\/saigontranslation.com\/vi\/wp-json\/wp\/v2\/comments?post=3569"}],"version-history":[{"count":1,"href":"https:\/\/saigontranslation.com\/vi\/wp-json\/wp\/v2\/pages\/3569\/revisions"}],"predecessor-version":[{"id":3570,"href":"https:\/\/saigontranslation.com\/vi\/wp-json\/wp\/v2\/pages\/3569\/revisions\/3570"}],"wp:attachment":[{"href":"https:\/\/saigontranslation.com\/vi\/wp-json\/wp\/v2\/media?parent=3569"}],"curies":[{"name":"wp","href":"https:\/\/api.w.org\/{rel}","templated":true}]}}